{"id":395,"date":"2021-08-27T12:11:46","date_gmt":"2021-08-27T12:11:46","guid":{"rendered":"http:\/\/dummy.xtemos.com\/woodmart2\/elementor\/?post_type=product&amp;p=395"},"modified":"2021-08-27T12:11:46","modified_gmt":"2021-08-27T12:11:46","slug":"ornare-auctor","status":"publish","type":"product","link":"http:\/\/1xbetgiristr.com\/index.php\/urun\/ornare-auctor\/","title":{"rendered":"Ornare auctor"},"content":{"rendered":"\t\t<div data-elementor-type=\"wp-post\" data-elementor-id=\"395\" class=\"elementor elementor-395\" data-elementor-post-type=\"product\">\n\t\t\t\t<div class=\"wd-negative-gap elementor-element elementor-element-3171f4f e-flex e-con-boxed e-con e-parent\" data-id=\"3171f4f\" data-element_type=\"container\">\n\t\t\t\t\t<div class=\"e-con-inner\">\n\t\t<div class=\"elementor-element elementor-element-03880f6 e-con-full e-flex e-con e-child\" data-id=\"03880f6\" data-element_type=\"container\">\n\t\t\t\t<div class=\"elementor-element elementor-element-649444a elementor-widget elementor-widget-wd_text_block\" data-id=\"649444a\" data-element_type=\"widget\" data-widget_type=\"wd_text_block.default\">\n\t\t\t\t<div class=\"elementor-widget-container\">\n\t\t\t\t\t\t\t<div class=\"wd-text-block reset-last-child text-left\">\n\t\t\t\n\t\t\t<p>Cubilia vestibulum interdum nisl a parturient a auctor vestibulum taciti vel bibendum tempor adipiscing suspendisse posuere libero penatibus lorem at interdum tristique iaculis redosan condimentum a ac rutrum mollis consectetur. Aenean nascetur vehicula egestas a adipiscing a est egestas suspendisse parturient diam adipiscing mattis elementum velit pulvinar suscipit sagittis facilisis facilisi tortor morbi at aliquam.<\/p><blockquote><p>Netus nisi volutpat donec condimentum nunc eu sem odio condimentum hendrerit nisl mollis scelerisque ad vitae a eu.<\/p><\/blockquote><p>Etiam dictumst congue a non class risus sed a. Diam adipiscing a condimentum in a nisl a maecenas libero pharetra tincidunt phasellus justo molestie bibendum. Vestibulum penatibus vestibulum lobortis vehicula euismod a platea taciti a eget in nec cum eget curabitur justo id enim mi velit at cum. Eu amet ut elit a sociis himenaeos eros nunc at pharetra magna suscipit.<\/p>\n\t\t\t\t\t<\/div>\n\t\t\t\t\t\t<\/div>\n\t\t\t\t<\/div>\n\t\t\t\t<\/div>\n\t\t<div class=\"elementor-element elementor-element-a58d158 e-con-full e-flex e-con e-child\" data-id=\"a58d158\" data-element_type=\"container\">\n\t\t\t\t<div class=\"elementor-element elementor-element-127b3ba elementor-widget elementor-widget-wd_infobox\" data-id=\"127b3ba\" data-element_type=\"widget\" data-widget_type=\"wd_infobox.default\">\n\t\t\t\t<div class=\"elementor-widget-container\">\n\t\t\t\t\t\t\t<div class=\"info-box-wrapper\">\n\t\t\t<div class=\"wd-info-box text-center box-icon-align-top box-style-base color-scheme-\">\n\t\t\t\t\t\t\t\t\t<div class=\"box-icon-wrapper  box-with-icon box-icon-simple\">\n\t\t\t\t\t\t<div class=\"info-box-icon\">\n\t\t\t\t\t\t\t\t\t\t\t\t\t\t\t<div class=\"info-svg-wrapper\" style=\"width:50px; height:50px;\"><img loading=\"lazy\" decoding=\"async\"  src=\"http:\/\/1xbetgiristr.com\/wp-content\/uploads\/2021\/08\/classic-wooden-chair-1.svg\" title=\"classic-wooden-chair-1\" loading=\"lazy\" width=\"50\" height=\"50\"><\/div>\t\t\t\t\t\t\t\t\t\t\t\t\t<\/div>\n\t\t\t\t\t<\/div>\n\t\t\t\t\n\t\t\t\t<div class=\"info-box-content\">\n\t\t\t\t\t\n\t\t\t\t\t\t\t\t\t\t\t<h4\t\t\t\t\t\tclass=\"info-box-title title box-title-style-default wd-fontsize-s\" data-elementor-setting-key=\"title\">\n\t\t\t\t\t\t\t\tSAGITTIS MALESUAD\t\t\t\t\t\t<\/h4>\n\t\t\t\t\t\n\t\t\t\t\t<div class=\"info-box-inner reset-last-child\"data-elementor-setting-key=\"content\"><p style=\"text-align: center\">Ridiculus facilisi\u00a0condimentum ridiculus tristique nostra litora parturient risus<\/p>\n<\/div>\n\n\t\t\t\t\t\t\t\t\t<\/div>\n\n\t\t\t\t\t\t\t\t\t<a href=\"#\" class=\"wd-info-box-link wd-fill\" aria-label=\"Infobox link\"><\/a>\n\t\t\t\t\t\t\t<\/div>\n\t\t<\/div>\n\t\t\t\t\t\t<\/div>\n\t\t\t\t<\/div>\n\t\t\t\t<div class=\"elementor-element elementor-element-9639824 elementor-widget elementor-widget-wd_infobox\" data-id=\"9639824\" data-element_type=\"widget\" data-widget_type=\"wd_infobox.default\">\n\t\t\t\t<div class=\"elementor-widget-container\">\n\t\t\t\t\t\t\t<div class=\"info-box-wrapper\">\n\t\t\t<div class=\"wd-info-box text-center box-icon-align-top box-style-base color-scheme-\">\n\t\t\t\t\t\t\t\t\t<div class=\"box-icon-wrapper  box-with-icon box-icon-simple\">\n\t\t\t\t\t\t<div class=\"info-box-icon\">\n\t\t\t\t\t\t\t\t\t\t\t\t\t\t\t<div class=\"info-svg-wrapper\" style=\"width:50px; height:50px;\"><img loading=\"lazy\" decoding=\"async\"  src=\"http:\/\/1xbetgiristr.com\/wp-content\/uploads\/2021\/08\/classic-wooden-chair-3.svg\" title=\"classic-wooden-chair-3\" loading=\"lazy\" width=\"50\" height=\"50\"><\/div>\t\t\t\t\t\t\t\t\t\t\t\t\t<\/div>\n\t\t\t\t\t<\/div>\n\t\t\t\t\n\t\t\t\t<div class=\"info-box-content\">\n\t\t\t\t\t\n\t\t\t\t\t\t\t\t\t\t\t<h4\t\t\t\t\t\tclass=\"info-box-title title box-title-style-default wd-fontsize-s\" data-elementor-setting-key=\"title\">\n\t\t\t\t\t\t\t\tNISI VOLUTPAT\t\t\t\t\t\t<\/h4>\n\t\t\t\t\t\n\t\t\t\t\t<div class=\"info-box-inner reset-last-child\"data-elementor-setting-key=\"content\"><p style=\"text-align: center\">Ridiculus facilisi\u00a0condimentum ridiculus tristique nostra litora parturient risus<\/p>\n<\/div>\n\n\t\t\t\t\t\t\t\t\t<\/div>\n\n\t\t\t\t\t\t\t\t\t<a href=\"#\" class=\"wd-info-box-link wd-fill\" aria-label=\"Infobox link\"><\/a>\n\t\t\t\t\t\t\t<\/div>\n\t\t<\/div>\n\t\t\t\t\t\t<\/div>\n\t\t\t\t<\/div>\n\t\t\t\t<\/div>\n\t\t<div class=\"elementor-element elementor-element-bf2fce7 e-con-full e-flex e-con e-child\" data-id=\"bf2fce7\" data-element_type=\"container\">\n\t\t\t\t<div class=\"elementor-element elementor-element-b6ba873 elementor-widget elementor-widget-wd_infobox\" data-id=\"b6ba873\" data-element_type=\"widget\" data-widget_type=\"wd_infobox.default\">\n\t\t\t\t<div class=\"elementor-widget-container\">\n\t\t\t\t\t\t\t<div class=\"info-box-wrapper\">\n\t\t\t<div class=\"wd-info-box text-center box-icon-align-top box-style-base color-scheme-\">\n\t\t\t\t\t\t\t\t\t<div class=\"box-icon-wrapper  box-with-icon box-icon-simple\">\n\t\t\t\t\t\t<div class=\"info-box-icon\">\n\t\t\t\t\t\t\t\t\t\t\t\t\t\t\t<div class=\"info-svg-wrapper\" style=\"width:50px; height:50px;\"><img loading=\"lazy\" decoding=\"async\"  src=\"http:\/\/1xbetgiristr.com\/wp-content\/uploads\/2021\/08\/classic-wooden-chair-2.svg\" title=\"classic-wooden-chair-2\" loading=\"lazy\" width=\"50\" height=\"50\"><\/div>\t\t\t\t\t\t\t\t\t\t\t\t\t<\/div>\n\t\t\t\t\t<\/div>\n\t\t\t\t\n\t\t\t\t<div class=\"info-box-content\">\n\t\t\t\t\t\n\t\t\t\t\t\t\t\t\t\t\t<h4\t\t\t\t\t\tclass=\"info-box-title title box-title-style-default wd-fontsize-s\" data-elementor-setting-key=\"title\">\n\t\t\t\t\t\t\t\tLITORA PARTURIENT\t\t\t\t\t\t<\/h4>\n\t\t\t\t\t\n\t\t\t\t\t<div class=\"info-box-inner reset-last-child\"data-elementor-setting-key=\"content\"><p style=\"text-align: center\">Ridiculus facilisi\u00a0condimentum ridiculus tristique nostra litora parturient risus<\/p>\n<\/div>\n\n\t\t\t\t\t\t\t\t\t<\/div>\n\n\t\t\t\t\t\t\t\t\t<a href=\"#\" class=\"wd-info-box-link wd-fill\" aria-label=\"Infobox link\"><\/a>\n\t\t\t\t\t\t\t<\/div>\n\t\t<\/div>\n\t\t\t\t\t\t<\/div>\n\t\t\t\t<\/div>\n\t\t\t\t<div class=\"elementor-element elementor-element-60959cd elementor-widget elementor-widget-wd_infobox\" data-id=\"60959cd\" data-element_type=\"widget\" data-widget_type=\"wd_infobox.default\">\n\t\t\t\t<div class=\"elementor-widget-container\">\n\t\t\t\t\t\t\t<div class=\"info-box-wrapper\">\n\t\t\t<div class=\"wd-info-box text-center box-icon-align-top box-style-base color-scheme-\">\n\t\t\t\t\t\t\t\t\t<div class=\"box-icon-wrapper  box-with-icon box-icon-simple\">\n\t\t\t\t\t\t<div class=\"info-box-icon\">\n\t\t\t\t\t\t\t\t\t\t\t\t\t\t\t<div class=\"info-svg-wrapper\" style=\"width:50px; height:50px;\"><img loading=\"lazy\" decoding=\"async\"  src=\"http:\/\/1xbetgiristr.com\/wp-content\/uploads\/2021\/08\/classic-wooden-chair-4.svg\" title=\"classic-wooden-chair-4\" loading=\"lazy\" width=\"50\" height=\"50\"><\/div>\t\t\t\t\t\t\t\t\t\t\t\t\t<\/div>\n\t\t\t\t\t<\/div>\n\t\t\t\t\n\t\t\t\t<div class=\"info-box-content\">\n\t\t\t\t\t\n\t\t\t\t\t\t\t\t\t\t\t<h4\t\t\t\t\t\tclass=\"info-box-title title box-title-style-default wd-fontsize-s\" data-elementor-setting-key=\"title\">\n\t\t\t\t\t\t\t\tTRISTIQUE IACULIS\t\t\t\t\t\t<\/h4>\n\t\t\t\t\t\n\t\t\t\t\t<div class=\"info-box-inner reset-last-child\"data-elementor-setting-key=\"content\"><p style=\"text-align: center\">Ridiculus facilisi\u00a0condimentum ridiculus tristique nostra litora parturient risus<\/p>\n<\/div>\n\n\t\t\t\t\t\t\t\t\t<\/div>\n\n\t\t\t\t\t\t\t\t\t<a href=\"#\" class=\"wd-info-box-link wd-fill\" aria-label=\"Infobox link\"><\/a>\n\t\t\t\t\t\t\t<\/div>\n\t\t<\/div>\n\t\t\t\t\t\t<\/div>\n\t\t\t\t<\/div>\n\t\t\t\t<\/div>\n\t\t\t\t\t<\/div>\n\t\t\t\t<\/div>\n\t\t\t\t<\/div>\n\t\t","protected":false},"excerpt":{"rendered":"<p>Consequat a scelerisque suspendisse vel et eget eu vitae adipiscing nibh scelerisque semper cum adipiscing facilisis adipiscing est accumsan lorem vestibulum. Aliquet mus a aptent ullam corper metus accumsan. Habitasse a purus nec ipsum a urna ac ullamcorper varius metus blandit posuere.<\/p>\n","protected":false},"featured_media":396,"comment_status":"open","ping_status":"closed","template":"","meta":[],"product_brand":[],"product_cat":[21],"product_tag":[],"class_list":{"0":"post-395","1":"product","2":"type-product","3":"status-publish","4":"has-post-thumbnail","6":"product_cat-accessories","8":"first","9":"instock","10":"shipping-taxable","11":"purchasable","12":"product-type-variable"},"yoast_head":"<!-- This site is optimized with the Yoast SEO plugin v25.0 - https:\/\/yoast.com\/wordpress\/plugins\/seo\/ -->\n<title>Ornare auctor - 1xBet Giri\u015f<\/title>\n<meta name=\"robots\" content=\"index, follow, max-snippet:-1, max-image-preview:large, max-video-preview:-1\" \/>\n<link rel=\"canonical\" href=\"http:\/\/1xbetgiristr.com\/index.php\/urun\/ornare-auctor\/\" \/>\n<meta property=\"og:locale\" content=\"tr_TR\" \/>\n<meta property=\"og:type\" content=\"article\" \/>\n<meta property=\"og:title\" content=\"Ornare auctor - 1xBet Giri\u015f\" \/>\n<meta property=\"og:description\" content=\"Consequat a scelerisque suspendisse vel et eget eu vitae adipiscing nibh scelerisque semper cum adipiscing facilisis adipiscing est accumsan lorem vestibulum. Aliquet mus a aptent ullam corper metus accumsan. Habitasse a purus nec ipsum a urna ac ullamcorper varius metus blandit posuere.\" \/>\n<meta property=\"og:url\" content=\"http:\/\/1xbetgiristr.com\/index.php\/urun\/ornare-auctor\/\" \/>\n<meta property=\"og:site_name\" content=\"1xBet Giri\u015f\" \/>\n<meta property=\"og:image\" content=\"http:\/\/1xbetgiristr.com\/wp-content\/uploads\/2021\/08\/ornare-auctor-1.jpg\" \/>\n\t<meta property=\"og:image:width\" content=\"700\" \/>\n\t<meta property=\"og:image:height\" content=\"800\" \/>\n\t<meta property=\"og:image:type\" content=\"image\/jpeg\" \/>\n<meta name=\"twitter:card\" content=\"summary_large_image\" \/>\n<meta name=\"twitter:site\" content=\"@1xbetgiris77\" \/>\n<meta name=\"twitter:label1\" content=\"Tahmini okuma s\u00fcresi\" \/>\n\t<meta name=\"twitter:data1\" content=\"1 dakika\" \/>\n<script type=\"application\/ld+json\" class=\"yoast-schema-graph\">{\"@context\":\"https:\/\/schema.org\",\"@graph\":[{\"@type\":\"WebPage\",\"@id\":\"http:\/\/1xbetgiristr.com\/index.php\/urun\/ornare-auctor\/\",\"url\":\"http:\/\/1xbetgiristr.com\/index.php\/urun\/ornare-auctor\/\",\"name\":\"Ornare auctor - 1xBet Giri\u015f\",\"isPartOf\":{\"@id\":\"https:\/\/1xbetgiristr.com\/#website\"},\"primaryImageOfPage\":{\"@id\":\"http:\/\/1xbetgiristr.com\/index.php\/urun\/ornare-auctor\/#primaryimage\"},\"image\":{\"@id\":\"http:\/\/1xbetgiristr.com\/index.php\/urun\/ornare-auctor\/#primaryimage\"},\"thumbnailUrl\":\"http:\/\/1xbetgiristr.com\/wp-content\/uploads\/2021\/08\/ornare-auctor-1.jpg\",\"datePublished\":\"2021-08-27T12:11:46+00:00\",\"breadcrumb\":{\"@id\":\"http:\/\/1xbetgiristr.com\/index.php\/urun\/ornare-auctor\/#breadcrumb\"},\"inLanguage\":\"tr\",\"potentialAction\":[{\"@type\":\"ReadAction\",\"target\":[\"http:\/\/1xbetgiristr.com\/index.php\/urun\/ornare-auctor\/\"]}]},{\"@type\":\"ImageObject\",\"inLanguage\":\"tr\",\"@id\":\"http:\/\/1xbetgiristr.com\/index.php\/urun\/ornare-auctor\/#primaryimage\",\"url\":\"http:\/\/1xbetgiristr.com\/wp-content\/uploads\/2021\/08\/ornare-auctor-1.jpg\",\"contentUrl\":\"http:\/\/1xbetgiristr.com\/wp-content\/uploads\/2021\/08\/ornare-auctor-1.jpg\",\"width\":700,\"height\":800},{\"@type\":\"BreadcrumbList\",\"@id\":\"http:\/\/1xbetgiristr.com\/index.php\/urun\/ornare-auctor\/#breadcrumb\",\"itemListElement\":[{\"@type\":\"ListItem\",\"position\":1,\"name\":\"Anasayfa\",\"item\":\"https:\/\/1xbetgiristr.com\/\"},{\"@type\":\"ListItem\",\"position\":2,\"name\":\"\u00dcr\u00fcnler\",\"item\":\"http:\/\/1xbetgiristr.com\/index.php\/shop\/\"},{\"@type\":\"ListItem\",\"position\":3,\"name\":\"Ornare auctor\"}]},{\"@type\":\"WebSite\",\"@id\":\"https:\/\/1xbetgiristr.com\/#website\",\"url\":\"https:\/\/1xbetgiristr.com\/\",\"name\":\"1xBet Giri\u015f\",\"description\":\"1xBet G\u00fcncel Giri\u015f Adresi\",\"publisher\":{\"@id\":\"https:\/\/1xbetgiristr.com\/#organization\"},\"potentialAction\":[{\"@type\":\"SearchAction\",\"target\":{\"@type\":\"EntryPoint\",\"urlTemplate\":\"https:\/\/1xbetgiristr.com\/?s={search_term_string}\"},\"query-input\":{\"@type\":\"PropertyValueSpecification\",\"valueRequired\":true,\"valueName\":\"search_term_string\"}}],\"inLanguage\":\"tr\"},{\"@type\":\"Organization\",\"@id\":\"https:\/\/1xbetgiristr.com\/#organization\",\"name\":\"1xBet Giri\u015f\",\"url\":\"https:\/\/1xbetgiristr.com\/\",\"logo\":{\"@type\":\"ImageObject\",\"inLanguage\":\"tr\",\"@id\":\"https:\/\/1xbetgiristr.com\/#\/schema\/logo\/image\/\",\"url\":\"https:\/\/1xbetgiristr.com\/wp-content\/uploads\/2025\/05\/logo-banner.webp\",\"contentUrl\":\"https:\/\/1xbetgiristr.com\/wp-content\/uploads\/2025\/05\/logo-banner.webp\",\"width\":275,\"height\":135,\"caption\":\"1xBet Giri\u015f\"},\"image\":{\"@id\":\"https:\/\/1xbetgiristr.com\/#\/schema\/logo\/image\/\"},\"sameAs\":[\"https:\/\/x.com\/1xbetgiris77\"]}]}<\/script>\n<!-- \/ Yoast SEO plugin. -->","yoast_head_json":{"title":"Ornare auctor - 1xBet Giri\u015f","robots":{"index":"index","follow":"follow","max-snippet":"max-snippet:-1","max-image-preview":"max-image-preview:large","max-video-preview":"max-video-preview:-1"},"canonical":"http:\/\/1xbetgiristr.com\/index.php\/urun\/ornare-auctor\/","og_locale":"tr_TR","og_type":"article","og_title":"Ornare auctor - 1xBet Giri\u015f","og_description":"Consequat a scelerisque suspendisse vel et eget eu vitae adipiscing nibh scelerisque semper cum adipiscing facilisis adipiscing est accumsan lorem vestibulum. Aliquet mus a aptent ullam corper metus accumsan. Habitasse a purus nec ipsum a urna ac ullamcorper varius metus blandit posuere.","og_url":"http:\/\/1xbetgiristr.com\/index.php\/urun\/ornare-auctor\/","og_site_name":"1xBet Giri\u015f","og_image":[{"width":700,"height":800,"url":"http:\/\/1xbetgiristr.com\/wp-content\/uploads\/2021\/08\/ornare-auctor-1.jpg","type":"image\/jpeg"}],"twitter_card":"summary_large_image","twitter_site":"@1xbetgiris77","twitter_misc":{"Tahmini okuma s\u00fcresi":"1 dakika"},"schema":{"@context":"https:\/\/schema.org","@graph":[{"@type":"WebPage","@id":"http:\/\/1xbetgiristr.com\/index.php\/urun\/ornare-auctor\/","url":"http:\/\/1xbetgiristr.com\/index.php\/urun\/ornare-auctor\/","name":"Ornare auctor - 1xBet Giri\u015f","isPartOf":{"@id":"https:\/\/1xbetgiristr.com\/#website"},"primaryImageOfPage":{"@id":"http:\/\/1xbetgiristr.com\/index.php\/urun\/ornare-auctor\/#primaryimage"},"image":{"@id":"http:\/\/1xbetgiristr.com\/index.php\/urun\/ornare-auctor\/#primaryimage"},"thumbnailUrl":"http:\/\/1xbetgiristr.com\/wp-content\/uploads\/2021\/08\/ornare-auctor-1.jpg","datePublished":"2021-08-27T12:11:46+00:00","breadcrumb":{"@id":"http:\/\/1xbetgiristr.com\/index.php\/urun\/ornare-auctor\/#breadcrumb"},"inLanguage":"tr","potentialAction":[{"@type":"ReadAction","target":["http:\/\/1xbetgiristr.com\/index.php\/urun\/ornare-auctor\/"]}]},{"@type":"ImageObject","inLanguage":"tr","@id":"http:\/\/1xbetgiristr.com\/index.php\/urun\/ornare-auctor\/#primaryimage","url":"http:\/\/1xbetgiristr.com\/wp-content\/uploads\/2021\/08\/ornare-auctor-1.jpg","contentUrl":"http:\/\/1xbetgiristr.com\/wp-content\/uploads\/2021\/08\/ornare-auctor-1.jpg","width":700,"height":800},{"@type":"BreadcrumbList","@id":"http:\/\/1xbetgiristr.com\/index.php\/urun\/ornare-auctor\/#breadcrumb","itemListElement":[{"@type":"ListItem","position":1,"name":"Anasayfa","item":"https:\/\/1xbetgiristr.com\/"},{"@type":"ListItem","position":2,"name":"\u00dcr\u00fcnler","item":"http:\/\/1xbetgiristr.com\/index.php\/shop\/"},{"@type":"ListItem","position":3,"name":"Ornare auctor"}]},{"@type":"WebSite","@id":"https:\/\/1xbetgiristr.com\/#website","url":"https:\/\/1xbetgiristr.com\/","name":"1xBet Giri\u015f","description":"1xBet G\u00fcncel Giri\u015f Adresi","publisher":{"@id":"https:\/\/1xbetgiristr.com\/#organization"},"potentialAction":[{"@type":"SearchAction","target":{"@type":"EntryPoint","urlTemplate":"https:\/\/1xbetgiristr.com\/?s={search_term_string}"},"query-input":{"@type":"PropertyValueSpecification","valueRequired":true,"valueName":"search_term_string"}}],"inLanguage":"tr"},{"@type":"Organization","@id":"https:\/\/1xbetgiristr.com\/#organization","name":"1xBet Giri\u015f","url":"https:\/\/1xbetgiristr.com\/","logo":{"@type":"ImageObject","inLanguage":"tr","@id":"https:\/\/1xbetgiristr.com\/#\/schema\/logo\/image\/","url":"https:\/\/1xbetgiristr.com\/wp-content\/uploads\/2025\/05\/logo-banner.webp","contentUrl":"https:\/\/1xbetgiristr.com\/wp-content\/uploads\/2025\/05\/logo-banner.webp","width":275,"height":135,"caption":"1xBet Giri\u015f"},"image":{"@id":"https:\/\/1xbetgiristr.com\/#\/schema\/logo\/image\/"},"sameAs":["https:\/\/x.com\/1xbetgiris77"]}]}},"_links":{"self":[{"href":"http:\/\/1xbetgiristr.com\/index.php\/wp-json\/wp\/v2\/product\/395","targetHints":{"allow":["GET"]}}],"collection":[{"href":"http:\/\/1xbetgiristr.com\/index.php\/wp-json\/wp\/v2\/product"}],"about":[{"href":"http:\/\/1xbetgiristr.com\/index.php\/wp-json\/wp\/v2\/types\/product"}],"replies":[{"embeddable":true,"href":"http:\/\/1xbetgiristr.com\/index.php\/wp-json\/wp\/v2\/comments?post=395"}],"version-history":[{"count":0,"href":"http:\/\/1xbetgiristr.com\/index.php\/wp-json\/wp\/v2\/product\/395\/revisions"}],"wp:featuredmedia":[{"embeddable":true,"href":"http:\/\/1xbetgiristr.com\/index.php\/wp-json\/wp\/v2\/media\/396"}],"wp:attachment":[{"href":"http:\/\/1xbetgiristr.com\/index.php\/wp-json\/wp\/v2\/media?parent=395"}],"wp:term":[{"taxonomy":"product_brand","embeddable":true,"href":"http:\/\/1xbetgiristr.com\/index.php\/wp-json\/wp\/v2\/product_brand?post=395"},{"taxonomy":"product_cat","embeddable":true,"href":"http:\/\/1xbetgiristr.com\/index.php\/wp-json\/wp\/v2\/product_cat?post=395"},{"taxonomy":"product_tag","embeddable":true,"href":"http:\/\/1xbetgiristr.com\/index.php\/wp-json\/wp\/v2\/product_tag?post=395"}],"curies":[{"name":"wp","href":"https:\/\/api.w.org\/{rel}","templated":true}]}}